{"id":488,"date":"2025-10-09T08:25:37","date_gmt":"2025-10-09T08:25:37","guid":{"rendered":"https:\/\/bisericatotisfintii.com\/?page_id=488"},"modified":"2025-12-30T04:34:25","modified_gmt":"2025-12-30T04:34:25","slug":"consiliul-parohial","status":"publish","type":"page","link":"https:\/\/bisericatotisfintii.com\/index.php\/consiliul-parohial\/","title":{"rendered":"Consiliul Parohial"},"content":{"rendered":"<!--themify_builder_content-->\n<div id=\"themify_builder_content-488\" data-postid=\"488\" class=\"themify_builder_content themify_builder_content-488 themify_builder tf_clear\">\n    \t\t\t\t<div  data-lazy=\"1\" class=\"module_row themify_builder_row tb_33xj969 tb_first tf_w\">\n\t\t\t\t\t\t<div class=\"row_inner col_align_top tb_col_count_1 tf_box tf_rel\">\n\t\t\t\t\t\t<div  data-lazy=\"1\" class=\"module_column tb-column col-full tb_o389970 first\">\n\t\t\t\t\t\t\t<div  data-lazy=\"1\" class=\"module_subrow themify_builder_sub_row tf_w col_align_top tb_col_count_2 tb_45pa159\">\n\t\t\t\t<div  data-lazy=\"1\" class=\"module_column sub_column col4-2 tb_7aag159 first\">\n\t\t\t\t\t<!-- module text -->\n<div  class=\"module module-text tb_81lm894   \" data-lazy=\"1\">\n\t    <div  class=\"tb_text_wrap\">\n\t\t<table style=\"height: 322px;\" width=\"454\">\n<tbody>\n<tr>\n<td>Florin Pitica<\/td>\n<td><strong>Presedinte<\/strong><\/td>\n<\/tr>\n<tr>\n<td>Cristinel Padurariu<\/td>\n<td><strong>Vicepresedinte<\/strong><\/td>\n<\/tr>\n<tr>\n<td>Dumitru Zamfir<\/td>\n<td>membru<\/td>\n<\/tr>\n<tr>\n<td>Eugeniu Bivol<\/td>\n<td>membru<\/td>\n<\/tr>\n<tr>\n<td>Ioan Nagy<\/td>\n<td>membru<\/td>\n<\/tr>\n<tr>\n<td>Ion Raducu<\/td>\n<td>membru<\/td>\n<\/tr>\n<tr>\n<td>Bogdan Hancas<\/td>\n<td>membru<\/td>\n<\/tr>\n<tr>\n<td>Gheorghe Sebe<\/td>\n<td>membru<\/td>\n<\/tr>\n<tr>\n<td>Tibi<\/td>\n<td>membru<\/td>\n<\/tr>\n<tr>\n<td>Marius Mihalceanu<\/td>\n<td>membru<\/td>\n<\/tr>\n<tr>\n<td>Viorela Safta<\/td>\n<td>membru<\/td>\n<\/tr>\n<\/tbody>\n<\/table>    <\/div>\n<\/div>\n<!-- \/module text -->\t\t<\/div>\n\t\t\t\t\t<div  data-lazy=\"1\" class=\"module_column sub_column col4-2 tb_yrw9159 last\">\n\t\t\t\t\t\t\t<\/div>\n\t\t\t\t\t<\/div>\n\t\t\t\t<\/div>\n\t\t\t\t\t\t<\/div>\n\t\t<\/div>\n\t\t<\/div>\n<!--\/themify_builder_content-->","protected":false},"excerpt":{"rendered":"<p>Florin Pitica Presedinte Cristinel Padurariu Vicepresedinte Dumitru Zamfir membru Eugeniu Bivol membru Ioan Nagy membru Ion Raducu membru Bogdan Hancas membru Gheorghe Sebe membru Tibi membru Marius Mihalceanu membru Viorela Safta membru<\/p>\n","protected":false},"author":1,"featured_media":0,"parent":0,"menu_order":0,"comment_status":"closed","ping_status":"closed","template":"","meta":{"footnotes":""},"class_list":["post-488","page","type-page","status-publish","hentry","has-post-title","has-post-date","has-post-category","has-post-tag","has-post-comment","has-post-author",""],"yoast_head":"<!-- This site is optimized with the Yoast SEO plugin v26.1.1 - https:\/\/yoast.com\/wordpress\/plugins\/seo\/ -->\n<title>Consiliul Parohial - Biserica &quot;To\u021bi Sfin\u021bii&quot; din Canada<\/title>\n<meta name=\"robots\" content=\"index, follow, max-snippet:-1, max-image-preview:large, max-video-preview:-1\" \/>\n<link rel=\"canonical\" href=\"https:\/\/bisericatotisfintii.com\/index.php\/consiliul-parohial\/\" \/>\n<meta property=\"og:locale\" content=\"en_US\" \/>\n<meta property=\"og:type\" content=\"article\" \/>\n<meta property=\"og:title\" content=\"Consiliul Parohial - Biserica &quot;To\u021bi Sfin\u021bii&quot; din Canada\" \/>\n<meta property=\"og:description\" content=\"Florin Pitica Presedinte Cristinel Padurariu Vicepresedinte Dumitru Zamfir membru Eugeniu Bivol membru Ioan Nagy membru Ion Raducu membru Bogdan Hancas membru Gheorghe Sebe membru Tibi membru Marius Mihalceanu membru Viorela Safta membru\" \/>\n<meta property=\"og:url\" content=\"https:\/\/bisericatotisfintii.com\/index.php\/consiliul-parohial\/\" \/>\n<meta property=\"og:site_name\" content=\"Biserica &quot;To\u021bi Sfin\u021bii&quot; din Canada\" \/>\n<meta property=\"article:publisher\" content=\"https:\/\/www.facebook.com\/totisfintii\" \/>\n<meta property=\"article:modified_time\" content=\"2025-12-30T04:34:25+00:00\" \/>\n<meta name=\"twitter:card\" content=\"summary_large_image\" \/>\n<meta name=\"twitter:label1\" content=\"Est. reading time\" \/>\n\t<meta name=\"twitter:data1\" content=\"1 minute\" \/>\n<script type=\"application\/ld+json\" class=\"yoast-schema-graph\">{\"@context\":\"https:\/\/schema.org\",\"@graph\":[{\"@type\":\"WebPage\",\"@id\":\"https:\/\/bisericatotisfintii.com\/index.php\/consiliul-parohial\/\",\"url\":\"https:\/\/bisericatotisfintii.com\/index.php\/consiliul-parohial\/\",\"name\":\"Consiliul Parohial - Biserica &quot;To\u021bi Sfin\u021bii&quot; din Canada\",\"isPartOf\":{\"@id\":\"https:\/\/bisericatotisfintii.com\/#website\"},\"datePublished\":\"2025-10-09T08:25:37+00:00\",\"dateModified\":\"2025-12-30T04:34:25+00:00\",\"breadcrumb\":{\"@id\":\"https:\/\/bisericatotisfintii.com\/index.php\/consiliul-parohial\/#breadcrumb\"},\"inLanguage\":\"en-US\",\"potentialAction\":[{\"@type\":\"ReadAction\",\"target\":[\"https:\/\/bisericatotisfintii.com\/index.php\/consiliul-parohial\/\"]}]},{\"@type\":\"BreadcrumbList\",\"@id\":\"https:\/\/bisericatotisfintii.com\/index.php\/consiliul-parohial\/#breadcrumb\",\"itemListElement\":[{\"@type\":\"ListItem\",\"position\":1,\"name\":\"Home\",\"item\":\"https:\/\/bisericatotisfintii.com\/\"},{\"@type\":\"ListItem\",\"position\":2,\"name\":\"Consiliul Parohial\"}]},{\"@type\":\"WebSite\",\"@id\":\"https:\/\/bisericatotisfintii.com\/#website\",\"url\":\"https:\/\/bisericatotisfintii.com\/\",\"name\":\"Biserica Ortodox\u0103 Rom\u00e2n\u0103 \\\"To\u021bi Sfin\u021bii\\\" din Canada\",\"description\":\"\",\"publisher\":{\"@id\":\"https:\/\/bisericatotisfintii.com\/#organization\"},\"potentialAction\":[{\"@type\":\"SearchAction\",\"target\":{\"@type\":\"EntryPoint\",\"urlTemplate\":\"https:\/\/bisericatotisfintii.com\/?s={search_term_string}\"},\"query-input\":{\"@type\":\"PropertyValueSpecification\",\"valueRequired\":true,\"valueName\":\"search_term_string\"}}],\"inLanguage\":\"en-US\"},{\"@type\":\"Organization\",\"@id\":\"https:\/\/bisericatotisfintii.com\/#organization\",\"name\":\"Biserica Ortodox\u0103 Rom\u00e2n\u0103 \\\"To\u021bi Sfin\u021bii\\\" din Canada\",\"url\":\"https:\/\/bisericatotisfintii.com\/\",\"logo\":{\"@type\":\"ImageObject\",\"inLanguage\":\"en-US\",\"@id\":\"https:\/\/bisericatotisfintii.com\/#\/schema\/logo\/image\/\",\"url\":\"https:\/\/bisericatotisfintii.com\/wp-content\/uploads\/2025\/10\/logo-parohia-totisfintii.png\",\"contentUrl\":\"https:\/\/bisericatotisfintii.com\/wp-content\/uploads\/2025\/10\/logo-parohia-totisfintii.png\",\"width\":928,\"height\":512,\"caption\":\"Biserica Ortodox\u0103 Rom\u00e2n\u0103 \\\"To\u021bi Sfin\u021bii\\\" din Canada\"},\"image\":{\"@id\":\"https:\/\/bisericatotisfintii.com\/#\/schema\/logo\/image\/\"},\"sameAs\":[\"https:\/\/www.facebook.com\/totisfintii\"]}]}<\/script>\n<!-- \/ Yoast SEO plugin. -->","yoast_head_json":{"title":"Consiliul Parohial - Biserica &quot;To\u021bi Sfin\u021bii&quot; din Canada","robots":{"index":"index","follow":"follow","max-snippet":"max-snippet:-1","max-image-preview":"max-image-preview:large","max-video-preview":"max-video-preview:-1"},"canonical":"https:\/\/bisericatotisfintii.com\/index.php\/consiliul-parohial\/","og_locale":"en_US","og_type":"article","og_title":"Consiliul Parohial - Biserica &quot;To\u021bi Sfin\u021bii&quot; din Canada","og_description":"Florin Pitica Presedinte Cristinel Padurariu Vicepresedinte Dumitru Zamfir membru Eugeniu Bivol membru Ioan Nagy membru Ion Raducu membru Bogdan Hancas membru Gheorghe Sebe membru Tibi membru Marius Mihalceanu membru Viorela Safta membru","og_url":"https:\/\/bisericatotisfintii.com\/index.php\/consiliul-parohial\/","og_site_name":"Biserica &quot;To\u021bi Sfin\u021bii&quot; din Canada","article_publisher":"https:\/\/www.facebook.com\/totisfintii","article_modified_time":"2025-12-30T04:34:25+00:00","twitter_card":"summary_large_image","twitter_misc":{"Est. reading time":"1 minute"},"schema":{"@context":"https:\/\/schema.org","@graph":[{"@type":"WebPage","@id":"https:\/\/bisericatotisfintii.com\/index.php\/consiliul-parohial\/","url":"https:\/\/bisericatotisfintii.com\/index.php\/consiliul-parohial\/","name":"Consiliul Parohial - Biserica &quot;To\u021bi Sfin\u021bii&quot; din Canada","isPartOf":{"@id":"https:\/\/bisericatotisfintii.com\/#website"},"datePublished":"2025-10-09T08:25:37+00:00","dateModified":"2025-12-30T04:34:25+00:00","breadcrumb":{"@id":"https:\/\/bisericatotisfintii.com\/index.php\/consiliul-parohial\/#breadcrumb"},"inLanguage":"en-US","potentialAction":[{"@type":"ReadAction","target":["https:\/\/bisericatotisfintii.com\/index.php\/consiliul-parohial\/"]}]},{"@type":"BreadcrumbList","@id":"https:\/\/bisericatotisfintii.com\/index.php\/consiliul-parohial\/#breadcrumb","itemListElement":[{"@type":"ListItem","position":1,"name":"Home","item":"https:\/\/bisericatotisfintii.com\/"},{"@type":"ListItem","position":2,"name":"Consiliul Parohial"}]},{"@type":"WebSite","@id":"https:\/\/bisericatotisfintii.com\/#website","url":"https:\/\/bisericatotisfintii.com\/","name":"Biserica Ortodox\u0103 Rom\u00e2n\u0103 \"To\u021bi Sfin\u021bii\" din Canada","description":"","publisher":{"@id":"https:\/\/bisericatotisfintii.com\/#organization"},"potentialAction":[{"@type":"SearchAction","target":{"@type":"EntryPoint","urlTemplate":"https:\/\/bisericatotisfintii.com\/?s={search_term_string}"},"query-input":{"@type":"PropertyValueSpecification","valueRequired":true,"valueName":"search_term_string"}}],"inLanguage":"en-US"},{"@type":"Organization","@id":"https:\/\/bisericatotisfintii.com\/#organization","name":"Biserica Ortodox\u0103 Rom\u00e2n\u0103 \"To\u021bi Sfin\u021bii\" din Canada","url":"https:\/\/bisericatotisfintii.com\/","logo":{"@type":"ImageObject","inLanguage":"en-US","@id":"https:\/\/bisericatotisfintii.com\/#\/schema\/logo\/image\/","url":"https:\/\/bisericatotisfintii.com\/wp-content\/uploads\/2025\/10\/logo-parohia-totisfintii.png","contentUrl":"https:\/\/bisericatotisfintii.com\/wp-content\/uploads\/2025\/10\/logo-parohia-totisfintii.png","width":928,"height":512,"caption":"Biserica Ortodox\u0103 Rom\u00e2n\u0103 \"To\u021bi Sfin\u021bii\" din Canada"},"image":{"@id":"https:\/\/bisericatotisfintii.com\/#\/schema\/logo\/image\/"},"sameAs":["https:\/\/www.facebook.com\/totisfintii"]}]}},"_links":{"self":[{"href":"https:\/\/bisericatotisfintii.com\/index.php\/wp-json\/wp\/v2\/pages\/488","targetHints":{"allow":["GET"]}}],"collection":[{"href":"https:\/\/bisericatotisfintii.com\/index.php\/wp-json\/wp\/v2\/pages"}],"about":[{"href":"https:\/\/bisericatotisfintii.com\/index.php\/wp-json\/wp\/v2\/types\/page"}],"author":[{"embeddable":true,"href":"https:\/\/bisericatotisfintii.com\/index.php\/wp-json\/wp\/v2\/users\/1"}],"replies":[{"embeddable":true,"href":"https:\/\/bisericatotisfintii.com\/index.php\/wp-json\/wp\/v2\/comments?post=488"}],"version-history":[{"count":5,"href":"https:\/\/bisericatotisfintii.com\/index.php\/wp-json\/wp\/v2\/pages\/488\/revisions"}],"predecessor-version":[{"id":617,"href":"https:\/\/bisericatotisfintii.com\/index.php\/wp-json\/wp\/v2\/pages\/488\/revisions\/617"}],"wp:attachment":[{"href":"https:\/\/bisericatotisfintii.com\/index.php\/wp-json\/wp\/v2\/media?parent=488"}],"curies":[{"name":"wp","href":"https:\/\/api.w.org\/{rel}","templated":true}]}}