{"id":485,"date":"2025-10-09T08:25:09","date_gmt":"2025-10-09T08:25:09","guid":{"rendered":"https:\/\/bisericatotisfintii.com\/?page_id=485"},"modified":"2025-10-09T12:55:44","modified_gmt":"2025-10-09T12:55:44","slug":"preotul","status":"publish","type":"page","link":"https:\/\/bisericatotisfintii.com\/index.php\/preotul\/","title":{"rendered":"Preotul"},"content":{"rendered":"<!--themify_builder_content-->\n<div id=\"themify_builder_content-485\" data-postid=\"485\" class=\"themify_builder_content themify_builder_content-485 themify_builder tf_clear\">\n    \t\t\t\t<div  data-lazy=\"1\" class=\"module_row themify_builder_row tb_xwlp790 tb_first tf_w\">\n\t\t\t\t\t\t<div class=\"row_inner col_align_top tb_col_count_1 tf_box tf_rel\">\n\t\t\t\t\t\t<div  data-lazy=\"1\" class=\"module_column tb-column col-full tb_wap0791 first\">\n\t\t\t\t\t\t\t<div  data-lazy=\"1\" class=\"module_subrow themify_builder_sub_row tf_w col_align_top tb_col_count_2 tb_iurm409\">\n\t\t\t\t<div  data-lazy=\"1\" class=\"module_column sub_column col4-2 tb_ff4o409 first\">\n\t\t\t\t\t<!-- module image -->\n<div  class=\"module module-image tb_sa1684 image-top   tf_mw\" data-lazy=\"1\">\n        <div class=\"image-wrap tf_rel tf_mw\">\n\t\t    <img loading=\"lazy\" decoding=\"async\" width=\"720\" height=\"960\" src=\"https:\/\/bisericatotisfintii.com\/wp-content\/uploads\/2025\/10\/Botezul-Domnului-in-Iordan-2024-7.jpg\" class=\"wp-post-image wp-image-33\" title=\"Botezul-Domnului-in-Iordan-2024 (7)\" alt=\"Botezul-Domnului-in-Iordan-2024 (7)\" srcset=\"https:\/\/bisericatotisfintii.com\/wp-content\/uploads\/2025\/10\/Botezul-Domnului-in-Iordan-2024-7.jpg 720w, https:\/\/bisericatotisfintii.com\/wp-content\/uploads\/2025\/10\/Botezul-Domnului-in-Iordan-2024-7-225x300.jpg 225w\" sizes=\"auto, (max-width: 720px) 100vw, 720px\" \/>\t\n\t\t<\/div>\n\t<!-- \/image-wrap -->\n    \n    \t<\/div>\n<!-- \/module image -->\t\t<\/div>\n\t\t\t\t\t<div  data-lazy=\"1\" class=\"module_column sub_column col4-2 tb_s1el409 last\">\n\t\t\t\t\t<!-- module text -->\n<div  class=\"module module-text tb_aueu85   \" data-lazy=\"1\">\n\t    <div  class=\"tb_text_wrap\">\n\t\t<p><strong>Preot<\/strong>: Emanuel Ionut Tecaliuc<br>Paroh al Parohii &#8220;To\u021bi Sfin\u021bii&#8221; din Toronto, Canada, <br>parte a Episcopiei Ortodoxe Rom\u00e2n\u0103 a Canadei<\/p>\n<p><strong>Telefon: <\/strong>416-629-2374<\/p>    <\/div>\n<\/div>\n<!-- \/module text -->\t\t<\/div>\n\t\t\t\t\t<\/div>\n\t\t\t\t<\/div>\n\t\t\t\t\t\t<\/div>\n\t\t<\/div>\n\t\t<\/div>\n<!--\/themify_builder_content-->","protected":false},"excerpt":{"rendered":"<p>Preot: Emanuel Ionut TecaliucParoh al Parohii &#8220;To\u021bi Sfin\u021bii&#8221; din Toronto, Canada, parte a Episcopiei Ortodoxe Rom\u00e2n\u0103 a Canadei Telefon: 416-629-2374<\/p>\n","protected":false},"author":1,"featured_media":0,"parent":0,"menu_order":0,"comment_status":"closed","ping_status":"closed","template":"","meta":{"footnotes":""},"class_list":["post-485","page","type-page","status-publish","hentry","has-post-title","has-post-date","has-post-category","has-post-tag","has-post-comment","has-post-author",""],"yoast_head":"<!-- This site is optimized with the Yoast SEO plugin v26.1.1 - https:\/\/yoast.com\/wordpress\/plugins\/seo\/ -->\n<title>Preotul - Biserica &quot;To\u021bi Sfin\u021bii&quot; din Canada<\/title>\n<meta name=\"robots\" content=\"index, follow, max-snippet:-1, max-image-preview:large, max-video-preview:-1\" \/>\n<link rel=\"canonical\" href=\"https:\/\/bisericatotisfintii.com\/index.php\/preotul\/\" \/>\n<meta property=\"og:locale\" content=\"en_US\" \/>\n<meta property=\"og:type\" content=\"article\" \/>\n<meta property=\"og:title\" content=\"Preotul - Biserica &quot;To\u021bi Sfin\u021bii&quot; din Canada\" \/>\n<meta property=\"og:description\" content=\"Preot: Emanuel Ionut TecaliucParoh al Parohii &#8220;To\u021bi Sfin\u021bii&#8221; din Toronto, Canada, parte a Episcopiei Ortodoxe Rom\u00e2n\u0103 a Canadei Telefon: 416-629-2374\" \/>\n<meta property=\"og:url\" content=\"https:\/\/bisericatotisfintii.com\/index.php\/preotul\/\" \/>\n<meta property=\"og:site_name\" content=\"Biserica &quot;To\u021bi Sfin\u021bii&quot; din Canada\" \/>\n<meta property=\"article:publisher\" content=\"https:\/\/www.facebook.com\/totisfintii\" \/>\n<meta property=\"article:modified_time\" content=\"2025-10-09T12:55:44+00:00\" \/>\n<meta property=\"og:image\" content=\"https:\/\/bisericatotisfintii.com\/wp-content\/uploads\/2025\/10\/Botezul-Domnului-in-Iordan-2024-7.jpg\" \/>\n\t<meta property=\"og:image:width\" content=\"720\" \/>\n\t<meta property=\"og:image:height\" content=\"960\" \/>\n\t<meta property=\"og:image:type\" content=\"image\/jpeg\" \/>\n<meta name=\"twitter:card\" content=\"summary_large_image\" \/>\n<script type=\"application\/ld+json\" class=\"yoast-schema-graph\">{\"@context\":\"https:\/\/schema.org\",\"@graph\":[{\"@type\":\"WebPage\",\"@id\":\"https:\/\/bisericatotisfintii.com\/index.php\/preotul\/\",\"url\":\"https:\/\/bisericatotisfintii.com\/index.php\/preotul\/\",\"name\":\"Preotul - Biserica &quot;To\u021bi Sfin\u021bii&quot; din Canada\",\"isPartOf\":{\"@id\":\"https:\/\/bisericatotisfintii.com\/#website\"},\"primaryImageOfPage\":{\"@id\":\"https:\/\/bisericatotisfintii.com\/index.php\/preotul\/#primaryimage\"},\"image\":{\"@id\":\"https:\/\/bisericatotisfintii.com\/index.php\/preotul\/#primaryimage\"},\"thumbnailUrl\":\"https:\/\/bisericatotisfintii.com\/wp-content\/uploads\/2025\/10\/Botezul-Domnului-in-Iordan-2024-7.jpg\",\"datePublished\":\"2025-10-09T08:25:09+00:00\",\"dateModified\":\"2025-10-09T12:55:44+00:00\",\"breadcrumb\":{\"@id\":\"https:\/\/bisericatotisfintii.com\/index.php\/preotul\/#breadcrumb\"},\"inLanguage\":\"en-US\",\"potentialAction\":[{\"@type\":\"ReadAction\",\"target\":[\"https:\/\/bisericatotisfintii.com\/index.php\/preotul\/\"]}]},{\"@type\":\"ImageObject\",\"inLanguage\":\"en-US\",\"@id\":\"https:\/\/bisericatotisfintii.com\/index.php\/preotul\/#primaryimage\",\"url\":\"https:\/\/bisericatotisfintii.com\/wp-content\/uploads\/2025\/10\/Botezul-Domnului-in-Iordan-2024-7.jpg\",\"contentUrl\":\"https:\/\/bisericatotisfintii.com\/wp-content\/uploads\/2025\/10\/Botezul-Domnului-in-Iordan-2024-7.jpg\",\"width\":720,\"height\":960},{\"@type\":\"BreadcrumbList\",\"@id\":\"https:\/\/bisericatotisfintii.com\/index.php\/preotul\/#breadcrumb\",\"itemListElement\":[{\"@type\":\"ListItem\",\"position\":1,\"name\":\"Home\",\"item\":\"https:\/\/bisericatotisfintii.com\/\"},{\"@type\":\"ListItem\",\"position\":2,\"name\":\"Preotul\"}]},{\"@type\":\"WebSite\",\"@id\":\"https:\/\/bisericatotisfintii.com\/#website\",\"url\":\"https:\/\/bisericatotisfintii.com\/\",\"name\":\"Biserica Ortodox\u0103 Rom\u00e2n\u0103 \\\"To\u021bi Sfin\u021bii\\\" din Canada\",\"description\":\"\",\"publisher\":{\"@id\":\"https:\/\/bisericatotisfintii.com\/#organization\"},\"potentialAction\":[{\"@type\":\"SearchAction\",\"target\":{\"@type\":\"EntryPoint\",\"urlTemplate\":\"https:\/\/bisericatotisfintii.com\/?s={search_term_string}\"},\"query-input\":{\"@type\":\"PropertyValueSpecification\",\"valueRequired\":true,\"valueName\":\"search_term_string\"}}],\"inLanguage\":\"en-US\"},{\"@type\":\"Organization\",\"@id\":\"https:\/\/bisericatotisfintii.com\/#organization\",\"name\":\"Biserica Ortodox\u0103 Rom\u00e2n\u0103 \\\"To\u021bi Sfin\u021bii\\\" din Canada\",\"url\":\"https:\/\/bisericatotisfintii.com\/\",\"logo\":{\"@type\":\"ImageObject\",\"inLanguage\":\"en-US\",\"@id\":\"https:\/\/bisericatotisfintii.com\/#\/schema\/logo\/image\/\",\"url\":\"https:\/\/bisericatotisfintii.com\/wp-content\/uploads\/2025\/10\/logo-parohia-totisfintii.png\",\"contentUrl\":\"https:\/\/bisericatotisfintii.com\/wp-content\/uploads\/2025\/10\/logo-parohia-totisfintii.png\",\"width\":928,\"height\":512,\"caption\":\"Biserica Ortodox\u0103 Rom\u00e2n\u0103 \\\"To\u021bi Sfin\u021bii\\\" din Canada\"},\"image\":{\"@id\":\"https:\/\/bisericatotisfintii.com\/#\/schema\/logo\/image\/\"},\"sameAs\":[\"https:\/\/www.facebook.com\/totisfintii\"]}]}<\/script>\n<!-- \/ Yoast SEO plugin. -->","yoast_head_json":{"title":"Preotul - Biserica &quot;To\u021bi Sfin\u021bii&quot; din Canada","robots":{"index":"index","follow":"follow","max-snippet":"max-snippet:-1","max-image-preview":"max-image-preview:large","max-video-preview":"max-video-preview:-1"},"canonical":"https:\/\/bisericatotisfintii.com\/index.php\/preotul\/","og_locale":"en_US","og_type":"article","og_title":"Preotul - Biserica &quot;To\u021bi Sfin\u021bii&quot; din Canada","og_description":"Preot: Emanuel Ionut TecaliucParoh al Parohii &#8220;To\u021bi Sfin\u021bii&#8221; din Toronto, Canada, parte a Episcopiei Ortodoxe Rom\u00e2n\u0103 a Canadei Telefon: 416-629-2374","og_url":"https:\/\/bisericatotisfintii.com\/index.php\/preotul\/","og_site_name":"Biserica &quot;To\u021bi Sfin\u021bii&quot; din Canada","article_publisher":"https:\/\/www.facebook.com\/totisfintii","article_modified_time":"2025-10-09T12:55:44+00:00","og_image":[{"width":720,"height":960,"url":"https:\/\/bisericatotisfintii.com\/wp-content\/uploads\/2025\/10\/Botezul-Domnului-in-Iordan-2024-7.jpg","type":"image\/jpeg"}],"twitter_card":"summary_large_image","schema":{"@context":"https:\/\/schema.org","@graph":[{"@type":"WebPage","@id":"https:\/\/bisericatotisfintii.com\/index.php\/preotul\/","url":"https:\/\/bisericatotisfintii.com\/index.php\/preotul\/","name":"Preotul - Biserica &quot;To\u021bi Sfin\u021bii&quot; din Canada","isPartOf":{"@id":"https:\/\/bisericatotisfintii.com\/#website"},"primaryImageOfPage":{"@id":"https:\/\/bisericatotisfintii.com\/index.php\/preotul\/#primaryimage"},"image":{"@id":"https:\/\/bisericatotisfintii.com\/index.php\/preotul\/#primaryimage"},"thumbnailUrl":"https:\/\/bisericatotisfintii.com\/wp-content\/uploads\/2025\/10\/Botezul-Domnului-in-Iordan-2024-7.jpg","datePublished":"2025-10-09T08:25:09+00:00","dateModified":"2025-10-09T12:55:44+00:00","breadcrumb":{"@id":"https:\/\/bisericatotisfintii.com\/index.php\/preotul\/#breadcrumb"},"inLanguage":"en-US","potentialAction":[{"@type":"ReadAction","target":["https:\/\/bisericatotisfintii.com\/index.php\/preotul\/"]}]},{"@type":"ImageObject","inLanguage":"en-US","@id":"https:\/\/bisericatotisfintii.com\/index.php\/preotul\/#primaryimage","url":"https:\/\/bisericatotisfintii.com\/wp-content\/uploads\/2025\/10\/Botezul-Domnului-in-Iordan-2024-7.jpg","contentUrl":"https:\/\/bisericatotisfintii.com\/wp-content\/uploads\/2025\/10\/Botezul-Domnului-in-Iordan-2024-7.jpg","width":720,"height":960},{"@type":"BreadcrumbList","@id":"https:\/\/bisericatotisfintii.com\/index.php\/preotul\/#breadcrumb","itemListElement":[{"@type":"ListItem","position":1,"name":"Home","item":"https:\/\/bisericatotisfintii.com\/"},{"@type":"ListItem","position":2,"name":"Preotul"}]},{"@type":"WebSite","@id":"https:\/\/bisericatotisfintii.com\/#website","url":"https:\/\/bisericatotisfintii.com\/","name":"Biserica Ortodox\u0103 Rom\u00e2n\u0103 \"To\u021bi Sfin\u021bii\" din Canada","description":"","publisher":{"@id":"https:\/\/bisericatotisfintii.com\/#organization"},"potentialAction":[{"@type":"SearchAction","target":{"@type":"EntryPoint","urlTemplate":"https:\/\/bisericatotisfintii.com\/?s={search_term_string}"},"query-input":{"@type":"PropertyValueSpecification","valueRequired":true,"valueName":"search_term_string"}}],"inLanguage":"en-US"},{"@type":"Organization","@id":"https:\/\/bisericatotisfintii.com\/#organization","name":"Biserica Ortodox\u0103 Rom\u00e2n\u0103 \"To\u021bi Sfin\u021bii\" din Canada","url":"https:\/\/bisericatotisfintii.com\/","logo":{"@type":"ImageObject","inLanguage":"en-US","@id":"https:\/\/bisericatotisfintii.com\/#\/schema\/logo\/image\/","url":"https:\/\/bisericatotisfintii.com\/wp-content\/uploads\/2025\/10\/logo-parohia-totisfintii.png","contentUrl":"https:\/\/bisericatotisfintii.com\/wp-content\/uploads\/2025\/10\/logo-parohia-totisfintii.png","width":928,"height":512,"caption":"Biserica Ortodox\u0103 Rom\u00e2n\u0103 \"To\u021bi Sfin\u021bii\" din Canada"},"image":{"@id":"https:\/\/bisericatotisfintii.com\/#\/schema\/logo\/image\/"},"sameAs":["https:\/\/www.facebook.com\/totisfintii"]}]}},"_links":{"self":[{"href":"https:\/\/bisericatotisfintii.com\/index.php\/wp-json\/wp\/v2\/pages\/485","targetHints":{"allow":["GET"]}}],"collection":[{"href":"https:\/\/bisericatotisfintii.com\/index.php\/wp-json\/wp\/v2\/pages"}],"about":[{"href":"https:\/\/bisericatotisfintii.com\/index.php\/wp-json\/wp\/v2\/types\/page"}],"author":[{"embeddable":true,"href":"https:\/\/bisericatotisfintii.com\/index.php\/wp-json\/wp\/v2\/users\/1"}],"replies":[{"embeddable":true,"href":"https:\/\/bisericatotisfintii.com\/index.php\/wp-json\/wp\/v2\/comments?post=485"}],"version-history":[{"count":7,"href":"https:\/\/bisericatotisfintii.com\/index.php\/wp-json\/wp\/v2\/pages\/485\/revisions"}],"predecessor-version":[{"id":607,"href":"https:\/\/bisericatotisfintii.com\/index.php\/wp-json\/wp\/v2\/pages\/485\/revisions\/607"}],"wp:attachment":[{"href":"https:\/\/bisericatotisfintii.com\/index.php\/wp-json\/wp\/v2\/media?parent=485"}],"curies":[{"name":"wp","href":"https:\/\/api.w.org\/{rel}","templated":true}]}}