{"id":481,"date":"2025-10-09T08:24:49","date_gmt":"2025-10-09T08:24:49","guid":{"rendered":"https:\/\/bisericatotisfintii.com\/?page_id=481"},"modified":"2026-04-03T11:18:43","modified_gmt":"2026-04-03T11:18:43","slug":"programul-slujbelor","status":"publish","type":"page","link":"https:\/\/bisericatotisfintii.com\/index.php\/programul-slujbelor\/","title":{"rendered":"Programul slujbelor"},"content":{"rendered":"<link href=\"https:\/\/cdn.jsdelivr.net\/npm\/bootstrap@5.3.0\/dist\/css\/bootstrap.min.css\" rel=\"stylesheet\">\n<div class=\"container my-4\">\n<h2 class=\"text-center mb-4\">Programul slujbelor (Aprilie \u2013 Iunie 2026)<\/h2>\n<p>  <!-- APRILIE --><\/p>\n<h4 class=\"mt-4\">Aprilie<\/h4>\n<div class=\"table-responsive\">\n<table class=\"table table-bordered table-striped align-middle\">\n<thead class=\"table-dark text-center\">\n<tr>\n<th>Ziua<\/th>\n<th>Data<\/th>\n<th>S\u0103rb\u0103toarea<\/th>\n<th>Ora<\/th>\n<th>Slujba<\/th>\n<\/tr>\n<\/thead>\n<tbody>\n<tr>\n<td>S\u00e2mb\u0103t\u0103<\/td>\n<td>4 Aprilie<\/td>\n<td>S\u00e2mb\u0103ta lui Laz\u0103r<\/td>\n<td>9:30<\/td>\n<td>Acatistul celor adormi\u021bi<\/td>\n<\/tr>\n<tr>\n<td><\/td>\n<td><\/td>\n<td><\/td>\n<td>10:30<\/td>\n<td>Sf. Liturghie<\/td>\n<\/tr>\n<tr>\n<td><\/td>\n<td><\/td>\n<td><\/td>\n<td>12:45<\/td>\n<td>Parastase<\/td>\n<\/tr>\n<tr class=\"table-primary\">\n<td>Duminic\u0103<\/td>\n<td>5 Aprilie<\/td>\n<td>Floriile<\/td>\n<td>9:00<\/td>\n<td>Utrenia<\/td>\n<\/tr>\n<tr>\n<td><\/td>\n<td><\/td>\n<td><\/td>\n<td>10:30<\/td>\n<td>Sf. Liturghie<\/td>\n<\/tr>\n<tr>\n<td><\/td>\n<td><\/td>\n<td><\/td>\n<td>18:30<\/td>\n<td>Denia<\/td>\n<\/tr>\n<tr>\n<td>Luni<\/td>\n<td>6 Aprilie<\/td>\n<td>Sf. \u0219i Marea Luni<\/td>\n<td>18:00<\/td>\n<td>Denia<\/td>\n<\/tr>\n<tr>\n<td>Mar\u021bi<\/td>\n<td>7 Aprilie<\/td>\n<td>Sf. \u0219i Marea Mar\u021bi<\/td>\n<td>18:00<\/td>\n<td>Denia<\/td>\n<\/tr>\n<tr>\n<td>Miercuri<\/td>\n<td>8 Aprilie<\/td>\n<td>Sf. \u0219i Marea Miercuri<\/td>\n<td>18:00<\/td>\n<td>Denia<\/td>\n<\/tr>\n<tr>\n<td>Joi<\/td>\n<td>9 Aprilie<\/td>\n<td>Sf. \u0219i Marea Joi<\/td>\n<td>10:30<\/td>\n<td>Vecernie + Liturghie<\/td>\n<\/tr>\n<tr>\n<td><\/td>\n<td><\/td>\n<td><\/td>\n<td>18:00<\/td>\n<td>Denia 12 Evanghelii<\/td>\n<\/tr>\n<tr>\n<td>Vineri<\/td>\n<td>10 Aprilie<\/td>\n<td>Sf. \u0219i Marea Vineri<\/td>\n<td>10:00<\/td>\n<td>Scoaterea Sf. Aer<\/td>\n<\/tr>\n<tr>\n<td><\/td>\n<td><\/td>\n<td><\/td>\n<td>18:00<\/td>\n<td>Prohodul Domnului<\/td>\n<\/tr>\n<tr>\n<td>S\u00e2mb\u0103t\u0103<\/td>\n<td>11 Aprilie<\/td>\n<td>Sf. \u0219i Marea S\u00e2mb\u0103t\u0103<\/td>\n<td>10:30<\/td>\n<td>Sf. Liturghie<\/td>\n<\/tr>\n<tr class=\"table-danger\">\n<td>Duminic\u0103<\/td>\n<td>12 Aprilie<\/td>\n<td>Pa\u0219ti<\/td>\n<td>23:00<\/td>\n<td>Canonul \u00cenvierii<\/td>\n<\/tr>\n<tr>\n<td><\/td>\n<td><\/td>\n<td><\/td>\n<td>00:00<\/td>\n<td>Sf. Liturghie<\/td>\n<\/tr>\n<tr>\n<td><\/td>\n<td><\/td>\n<td><\/td>\n<td>12:30<\/td>\n<td>A doua \u00cenviere<\/td>\n<\/tr>\n<tr>\n<td>Luni<\/td>\n<td>13 Aprilie<\/td>\n<td>A doua zi de Pa\u0219ti<\/td>\n<td>9:30<\/td>\n<td>Utrenia<\/td>\n<\/tr>\n<tr>\n<td><\/td>\n<td><\/td>\n<td><\/td>\n<td>10:30<\/td>\n<td>Sf. Liturghie<\/td>\n<\/tr>\n<tr>\n<td>Mar\u021bi<\/td>\n<td>14 Aprilie<\/td>\n<td>A treia zi de Pa\u0219ti<\/td>\n<td>9:30<\/td>\n<td>Utrenia<\/td>\n<\/tr>\n<tr>\n<td><\/td>\n<td><\/td>\n<td><\/td>\n<td>10:30<\/td>\n<td>Sf. Liturghie<\/td>\n<\/tr>\n<tr>\n<td>Vineri<\/td>\n<td>17 Aprilie<\/td>\n<td>Izvorul T\u0103m\u0103duirii<\/td>\n<td>9:30<\/td>\n<td>Acatist<\/td>\n<\/tr>\n<tr>\n<td><\/td>\n<td><\/td>\n<td><\/td>\n<td>10:00<\/td>\n<td>Sf. Liturghie<\/td>\n<\/tr>\n<tr>\n<td>Duminic\u0103<\/td>\n<td>19 Aprilie<\/td>\n<td>Duminica Tomii<\/td>\n<td>9:00<\/td>\n<td>Utrenia<\/td>\n<\/tr>\n<tr>\n<td><\/td>\n<td><\/td>\n<td><\/td>\n<td>10:30<\/td>\n<td>Sf. Liturghie<\/td>\n<\/tr>\n<tr>\n<td>Joi<\/td>\n<td>23 Aprilie<\/td>\n<td>Sf. Gheorghe<\/td>\n<td>9:30<\/td>\n<td>Utrenia<\/td>\n<\/tr>\n<tr>\n<td><\/td>\n<td><\/td>\n<td><\/td>\n<td>10:30<\/td>\n<td>Sf. Liturghie<\/td>\n<\/tr>\n<tr>\n<td>Duminic\u0103<\/td>\n<td>26 Aprilie<\/td>\n<td>Duminica Mironosi\u021belor<\/td>\n<td>9:00<\/td>\n<td>Utrenia<\/td>\n<\/tr>\n<tr>\n<td><\/td>\n<td><\/td>\n<td><\/td>\n<td>10:30<\/td>\n<td>Sf. Liturghie<\/td>\n<\/tr>\n<\/tbody>\n<\/table><\/div>\n<p>  <!-- MAI --><\/p>\n<h4 class=\"mt-5\">Mai<\/h4>\n<div class=\"table-responsive\">\n<table class=\"table table-bordered table-striped\">\n<tbody>\n<tr>\n<td>Vineri<\/td>\n<td>1 Mai<\/td>\n<td>Maslu<\/td>\n<td>19:00<\/td>\n<td>Taina Sf. Maslu<\/td>\n<\/tr>\n<tr>\n<td>Duminic\u0103<\/td>\n<td>3 Mai<\/td>\n<td>Duminica a 4-a dup\u0103 Pa\u0219ti<\/td>\n<td>9:00<\/td>\n<td>Utrenia<\/td>\n<\/tr>\n<tr>\n<td><\/td>\n<td><\/td>\n<td><\/td>\n<td>10:30<\/td>\n<td>Sf. Liturghie<\/td>\n<\/tr>\n<tr>\n<td>Duminic\u0103<\/td>\n<td>10 Mai<\/td>\n<td>Samarineanca<\/td>\n<td>9:00<\/td>\n<td>Utrenia<\/td>\n<\/tr>\n<tr>\n<td><\/td>\n<td><\/td>\n<td><\/td>\n<td>10:30<\/td>\n<td>Sf. Liturghie<\/td>\n<\/tr>\n<tr>\n<td>Duminic\u0103<\/td>\n<td>17 Mai<\/td>\n<td>Orbului<\/td>\n<td>9:00<\/td>\n<td>Utrenia<\/td>\n<\/tr>\n<tr>\n<td><\/td>\n<td><\/td>\n<td><\/td>\n<td>10:30<\/td>\n<td>Sf. Liturghie<\/td>\n<\/tr>\n<tr>\n<td>Joi<\/td>\n<td>21 Mai<\/td>\n<td>\u00cen\u0103l\u021barea Domnului<\/td>\n<td>9:30<\/td>\n<td>Acatist<\/td>\n<\/tr>\n<tr>\n<td><\/td>\n<td><\/td>\n<td><\/td>\n<td>10:30<\/td>\n<td>Sf. Liturghie<\/td>\n<\/tr>\n<tr>\n<td>Duminic\u0103<\/td>\n<td>24 Mai<\/td>\n<td>Sinodul I Ecumenic<\/td>\n<td>9:00<\/td>\n<td>Utrenia<\/td>\n<\/tr>\n<tr>\n<td><\/td>\n<td><\/td>\n<td><\/td>\n<td>10:30<\/td>\n<td>Sf. Liturghie<\/td>\n<\/tr>\n<tr>\n<td>Vineri<\/td>\n<td>29 Mai<\/td>\n<td>Maslu<\/td>\n<td>19:00<\/td>\n<td>Sf. Maslu<\/td>\n<\/tr>\n<tr class=\"table-success\">\n<td>Duminic\u0103<\/td>\n<td>31 Mai<\/td>\n<td>Rusaliile<\/td>\n<td>9:00<\/td>\n<td>Utrenia<\/td>\n<\/tr>\n<tr>\n<td><\/td>\n<td><\/td>\n<td><\/td>\n<td>10:30<\/td>\n<td>Sf. Liturghie<\/td>\n<\/tr>\n<\/tbody>\n<\/table><\/div>\n<p>  <!-- IUNIE --><\/p>\n<h4 class=\"mt-5\">Iunie<\/h4>\n<div class=\"table-responsive\">\n<table class=\"table table-bordered table-striped\">\n<tbody>\n<tr>\n<td>Luni<\/td>\n<td>1 Iunie<\/td>\n<td>Sf. Treime<\/td>\n<td>9:00<\/td>\n<td>Utrenia<\/td>\n<\/tr>\n<tr>\n<td><\/td>\n<td><\/td>\n<td><\/td>\n<td>10:30<\/td>\n<td>Sf. Liturghie<\/td>\n<\/tr>\n<tr>\n<td>S\u00e2mb\u0103t\u0103<\/td>\n<td>6 Iunie<\/td>\n<td>Maslu<\/td>\n<td>18:00<\/td>\n<td>Sf. Maslu<\/td>\n<\/tr>\n<tr class=\"table-warning\">\n<td>Duminic\u0103<\/td>\n<td>7 Iunie<\/td>\n<td>Hramul Parohiei<\/td>\n<td>8:30<\/td>\n<td>Ceasurile<\/td>\n<\/tr>\n<tr>\n<td><\/td>\n<td><\/td>\n<td><\/td>\n<td>9:00<\/td>\n<td>Utrenia<\/td>\n<\/tr>\n<tr>\n<td><\/td>\n<td><\/td>\n<td><\/td>\n<td>10:30<\/td>\n<td>Liturghie Arhiereasc\u0103<\/td>\n<\/tr>\n<tr>\n<td>Duminic\u0103<\/td>\n<td>14 Iunie<\/td>\n<td>Duminica Rom\u00e2nilor<\/td>\n<td>9:00<\/td>\n<td>Utrenia<\/td>\n<\/tr>\n<tr>\n<td><\/td>\n<td><\/td>\n<td><\/td>\n<td>10:30<\/td>\n<td>Sf. Liturghie<\/td>\n<\/tr>\n<tr>\n<td>Duminic\u0103<\/td>\n<td>21 Iunie<\/td>\n<td>Duminica a 3-a dup\u0103 Rusalii<\/td>\n<td>9:00<\/td>\n<td>Utrenia<\/td>\n<\/tr>\n<tr>\n<td><\/td>\n<td><\/td>\n<td><\/td>\n<td>10:30<\/td>\n<td>Sf. Liturghie<\/td>\n<\/tr>\n<tr>\n<td>Miercuri<\/td>\n<td>24 Iunie<\/td>\n<td>Na\u0219terea Sf. Ioan Botez\u0103torul<\/td>\n<td>9:30<\/td>\n<td>Acatist<\/td>\n<\/tr>\n<tr>\n<td><\/td>\n<td><\/td>\n<td><\/td>\n<td>10:30<\/td>\n<td>Sf. Liturghie<\/td>\n<\/tr>\n<tr>\n<td>Duminic\u0103<\/td>\n<td>28 Iunie<\/td>\n<td>Duminica a 4-a dup\u0103 Rusalii<\/td>\n<td>9:00<\/td>\n<td>Utrenia<\/td>\n<\/tr>\n<tr>\n<td><\/td>\n<td><\/td>\n<td><\/td>\n<td>10:30<\/td>\n<td>Sf. Liturghie<\/td>\n<\/tr>\n<\/tbody>\n<\/table><\/div>\n<\/div>\n","protected":false},"excerpt":{"rendered":"<p>Programul slujbelor (Aprilie \u2013 Iunie 2026) Aprilie Ziua Data S\u0103rb\u0103toarea Ora Slujba S\u00e2mb\u0103t\u0103 4 Aprilie S\u00e2mb\u0103ta lui Laz\u0103r 9:30 Acatistul celor adormi\u021bi 10:30 Sf. Liturghie 12:45 Parastase Duminic\u0103 5 Aprilie Floriile 9:00 Utrenia 10:30 Sf. Liturghie 18:30 Denia Luni 6 Aprilie Sf. \u0219i Marea Luni 18:00 Denia Mar\u021bi 7 Aprilie Sf. \u0219i Marea Mar\u021bi 18:00 [&hellip;]<\/p>\n","protected":false},"author":1,"featured_media":0,"parent":0,"menu_order":0,"comment_status":"closed","ping_status":"closed","template":"","meta":{"footnotes":""},"class_list":["post-481","page","type-page","status-publish","hentry","has-post-title","has-post-date","has-post-category","has-post-tag","has-post-comment","has-post-author",""],"yoast_head":"<!-- This site is optimized with the Yoast SEO plugin v26.1.1 - https:\/\/yoast.com\/wordpress\/plugins\/seo\/ -->\n<title>Programul slujbelor - Biserica &quot;To\u021bi Sfin\u021bii&quot; din Canada<\/title>\n<meta name=\"robots\" content=\"index, follow, max-snippet:-1, max-image-preview:large, max-video-preview:-1\" \/>\n<link rel=\"canonical\" href=\"https:\/\/bisericatotisfintii.com\/index.php\/programul-slujbelor\/\" \/>\n<meta property=\"og:locale\" content=\"en_US\" \/>\n<meta property=\"og:type\" content=\"article\" \/>\n<meta property=\"og:title\" content=\"Programul slujbelor - Biserica &quot;To\u021bi Sfin\u021bii&quot; din Canada\" \/>\n<meta property=\"og:description\" content=\"Programul slujbelor (Aprilie \u2013 Iunie 2026) Aprilie Ziua Data S\u0103rb\u0103toarea Ora Slujba S\u00e2mb\u0103t\u0103 4 Aprilie S\u00e2mb\u0103ta lui Laz\u0103r 9:30 Acatistul celor adormi\u021bi 10:30 Sf. Liturghie 12:45 Parastase Duminic\u0103 5 Aprilie Floriile 9:00 Utrenia 10:30 Sf. Liturghie 18:30 Denia Luni 6 Aprilie Sf. \u0219i Marea Luni 18:00 Denia Mar\u021bi 7 Aprilie Sf. \u0219i Marea Mar\u021bi 18:00 [&hellip;]\" \/>\n<meta property=\"og:url\" content=\"https:\/\/bisericatotisfintii.com\/index.php\/programul-slujbelor\/\" \/>\n<meta property=\"og:site_name\" content=\"Biserica &quot;To\u021bi Sfin\u021bii&quot; din Canada\" \/>\n<meta property=\"article:publisher\" content=\"https:\/\/www.facebook.com\/totisfintii\" \/>\n<meta property=\"article:modified_time\" content=\"2026-04-03T11:18:43+00:00\" \/>\n<meta name=\"twitter:card\" content=\"summary_large_image\" \/>\n<meta name=\"twitter:label1\" content=\"Est. reading time\" \/>\n\t<meta name=\"twitter:data1\" content=\"2 minutes\" \/>\n<script type=\"application\/ld+json\" class=\"yoast-schema-graph\">{\"@context\":\"https:\/\/schema.org\",\"@graph\":[{\"@type\":\"WebPage\",\"@id\":\"https:\/\/bisericatotisfintii.com\/index.php\/programul-slujbelor\/\",\"url\":\"https:\/\/bisericatotisfintii.com\/index.php\/programul-slujbelor\/\",\"name\":\"Programul slujbelor - Biserica &quot;To\u021bi Sfin\u021bii&quot; din Canada\",\"isPartOf\":{\"@id\":\"https:\/\/bisericatotisfintii.com\/#website\"},\"datePublished\":\"2025-10-09T08:24:49+00:00\",\"dateModified\":\"2026-04-03T11:18:43+00:00\",\"breadcrumb\":{\"@id\":\"https:\/\/bisericatotisfintii.com\/index.php\/programul-slujbelor\/#breadcrumb\"},\"inLanguage\":\"en-US\",\"potentialAction\":[{\"@type\":\"ReadAction\",\"target\":[\"https:\/\/bisericatotisfintii.com\/index.php\/programul-slujbelor\/\"]}]},{\"@type\":\"BreadcrumbList\",\"@id\":\"https:\/\/bisericatotisfintii.com\/index.php\/programul-slujbelor\/#breadcrumb\",\"itemListElement\":[{\"@type\":\"ListItem\",\"position\":1,\"name\":\"Home\",\"item\":\"https:\/\/bisericatotisfintii.com\/\"},{\"@type\":\"ListItem\",\"position\":2,\"name\":\"Programul slujbelor\"}]},{\"@type\":\"WebSite\",\"@id\":\"https:\/\/bisericatotisfintii.com\/#website\",\"url\":\"https:\/\/bisericatotisfintii.com\/\",\"name\":\"Biserica Ortodox\u0103 Rom\u00e2n\u0103 \\\"To\u021bi Sfin\u021bii\\\" din Canada\",\"description\":\"\",\"publisher\":{\"@id\":\"https:\/\/bisericatotisfintii.com\/#organization\"},\"potentialAction\":[{\"@type\":\"SearchAction\",\"target\":{\"@type\":\"EntryPoint\",\"urlTemplate\":\"https:\/\/bisericatotisfintii.com\/?s={search_term_string}\"},\"query-input\":{\"@type\":\"PropertyValueSpecification\",\"valueRequired\":true,\"valueName\":\"search_term_string\"}}],\"inLanguage\":\"en-US\"},{\"@type\":\"Organization\",\"@id\":\"https:\/\/bisericatotisfintii.com\/#organization\",\"name\":\"Biserica Ortodox\u0103 Rom\u00e2n\u0103 \\\"To\u021bi Sfin\u021bii\\\" din Canada\",\"url\":\"https:\/\/bisericatotisfintii.com\/\",\"logo\":{\"@type\":\"ImageObject\",\"inLanguage\":\"en-US\",\"@id\":\"https:\/\/bisericatotisfintii.com\/#\/schema\/logo\/image\/\",\"url\":\"https:\/\/bisericatotisfintii.com\/wp-content\/uploads\/2025\/10\/logo-parohia-totisfintii.png\",\"contentUrl\":\"https:\/\/bisericatotisfintii.com\/wp-content\/uploads\/2025\/10\/logo-parohia-totisfintii.png\",\"width\":928,\"height\":512,\"caption\":\"Biserica Ortodox\u0103 Rom\u00e2n\u0103 \\\"To\u021bi Sfin\u021bii\\\" din Canada\"},\"image\":{\"@id\":\"https:\/\/bisericatotisfintii.com\/#\/schema\/logo\/image\/\"},\"sameAs\":[\"https:\/\/www.facebook.com\/totisfintii\"]}]}<\/script>\n<!-- \/ Yoast SEO plugin. -->","yoast_head_json":{"title":"Programul slujbelor - Biserica &quot;To\u021bi Sfin\u021bii&quot; din Canada","robots":{"index":"index","follow":"follow","max-snippet":"max-snippet:-1","max-image-preview":"max-image-preview:large","max-video-preview":"max-video-preview:-1"},"canonical":"https:\/\/bisericatotisfintii.com\/index.php\/programul-slujbelor\/","og_locale":"en_US","og_type":"article","og_title":"Programul slujbelor - Biserica &quot;To\u021bi Sfin\u021bii&quot; din Canada","og_description":"Programul slujbelor (Aprilie \u2013 Iunie 2026) Aprilie Ziua Data S\u0103rb\u0103toarea Ora Slujba S\u00e2mb\u0103t\u0103 4 Aprilie S\u00e2mb\u0103ta lui Laz\u0103r 9:30 Acatistul celor adormi\u021bi 10:30 Sf. Liturghie 12:45 Parastase Duminic\u0103 5 Aprilie Floriile 9:00 Utrenia 10:30 Sf. Liturghie 18:30 Denia Luni 6 Aprilie Sf. \u0219i Marea Luni 18:00 Denia Mar\u021bi 7 Aprilie Sf. \u0219i Marea Mar\u021bi 18:00 [&hellip;]","og_url":"https:\/\/bisericatotisfintii.com\/index.php\/programul-slujbelor\/","og_site_name":"Biserica &quot;To\u021bi Sfin\u021bii&quot; din Canada","article_publisher":"https:\/\/www.facebook.com\/totisfintii","article_modified_time":"2026-04-03T11:18:43+00:00","twitter_card":"summary_large_image","twitter_misc":{"Est. reading time":"2 minutes"},"schema":{"@context":"https:\/\/schema.org","@graph":[{"@type":"WebPage","@id":"https:\/\/bisericatotisfintii.com\/index.php\/programul-slujbelor\/","url":"https:\/\/bisericatotisfintii.com\/index.php\/programul-slujbelor\/","name":"Programul slujbelor - Biserica &quot;To\u021bi Sfin\u021bii&quot; din Canada","isPartOf":{"@id":"https:\/\/bisericatotisfintii.com\/#website"},"datePublished":"2025-10-09T08:24:49+00:00","dateModified":"2026-04-03T11:18:43+00:00","breadcrumb":{"@id":"https:\/\/bisericatotisfintii.com\/index.php\/programul-slujbelor\/#breadcrumb"},"inLanguage":"en-US","potentialAction":[{"@type":"ReadAction","target":["https:\/\/bisericatotisfintii.com\/index.php\/programul-slujbelor\/"]}]},{"@type":"BreadcrumbList","@id":"https:\/\/bisericatotisfintii.com\/index.php\/programul-slujbelor\/#breadcrumb","itemListElement":[{"@type":"ListItem","position":1,"name":"Home","item":"https:\/\/bisericatotisfintii.com\/"},{"@type":"ListItem","position":2,"name":"Programul slujbelor"}]},{"@type":"WebSite","@id":"https:\/\/bisericatotisfintii.com\/#website","url":"https:\/\/bisericatotisfintii.com\/","name":"Biserica Ortodox\u0103 Rom\u00e2n\u0103 \"To\u021bi Sfin\u021bii\" din Canada","description":"","publisher":{"@id":"https:\/\/bisericatotisfintii.com\/#organization"},"potentialAction":[{"@type":"SearchAction","target":{"@type":"EntryPoint","urlTemplate":"https:\/\/bisericatotisfintii.com\/?s={search_term_string}"},"query-input":{"@type":"PropertyValueSpecification","valueRequired":true,"valueName":"search_term_string"}}],"inLanguage":"en-US"},{"@type":"Organization","@id":"https:\/\/bisericatotisfintii.com\/#organization","name":"Biserica Ortodox\u0103 Rom\u00e2n\u0103 \"To\u021bi Sfin\u021bii\" din Canada","url":"https:\/\/bisericatotisfintii.com\/","logo":{"@type":"ImageObject","inLanguage":"en-US","@id":"https:\/\/bisericatotisfintii.com\/#\/schema\/logo\/image\/","url":"https:\/\/bisericatotisfintii.com\/wp-content\/uploads\/2025\/10\/logo-parohia-totisfintii.png","contentUrl":"https:\/\/bisericatotisfintii.com\/wp-content\/uploads\/2025\/10\/logo-parohia-totisfintii.png","width":928,"height":512,"caption":"Biserica Ortodox\u0103 Rom\u00e2n\u0103 \"To\u021bi Sfin\u021bii\" din Canada"},"image":{"@id":"https:\/\/bisericatotisfintii.com\/#\/schema\/logo\/image\/"},"sameAs":["https:\/\/www.facebook.com\/totisfintii"]}]}},"_links":{"self":[{"href":"https:\/\/bisericatotisfintii.com\/index.php\/wp-json\/wp\/v2\/pages\/481","targetHints":{"allow":["GET"]}}],"collection":[{"href":"https:\/\/bisericatotisfintii.com\/index.php\/wp-json\/wp\/v2\/pages"}],"about":[{"href":"https:\/\/bisericatotisfintii.com\/index.php\/wp-json\/wp\/v2\/types\/page"}],"author":[{"embeddable":true,"href":"https:\/\/bisericatotisfintii.com\/index.php\/wp-json\/wp\/v2\/users\/1"}],"replies":[{"embeddable":true,"href":"https:\/\/bisericatotisfintii.com\/index.php\/wp-json\/wp\/v2\/comments?post=481"}],"version-history":[{"count":33,"href":"https:\/\/bisericatotisfintii.com\/index.php\/wp-json\/wp\/v2\/pages\/481\/revisions"}],"predecessor-version":[{"id":632,"href":"https:\/\/bisericatotisfintii.com\/index.php\/wp-json\/wp\/v2\/pages\/481\/revisions\/632"}],"wp:attachment":[{"href":"https:\/\/bisericatotisfintii.com\/index.php\/wp-json\/wp\/v2\/media?parent=481"}],"curies":[{"name":"wp","href":"https:\/\/api.w.org\/{rel}","templated":true}]}}